{"id":1910,"date":"2018-09-19T23:21:36","date_gmt":"2018-09-19T20:21:36","guid":{"rendered":"https:\/\/rupression.com\/?page_id=1910"},"modified":"2024-11-30T23:09:32","modified_gmt":"2024-11-30T20:09:32","slug":"support","status":"publish","type":"page","link":"https:\/\/rupression.com\/de\/support\/","title":{"rendered":"Support"},"content":{"rendered":"<p>Im Februar 2018 startete eine gro\u00dfangelegte Soli-Kampagne f\u00fcr die im Rahmen der Strafermittlungen gegen das sogenannte &#8220;Netzwerk&#8221; verhafteten Antifaschisten und Anarchisten. Zu den Hauptaufgaben der Kampagne geh\u00f6rt das Sammeln von Geld zur Deckung der Kosten f\u00fcr Anw\u00e4lt*innen, der Grundbed\u00fcrfnisse der Gefangenen und zur Unterst\u00fctzung der Angeh\u00f6rigen. Die Aufteilung der Mittel findet unter Ber\u00fccksichtigung der finanziellen M\u00f6glichkeiten der Angeh\u00f6rigen und der Bed\u00fcrfnisse der Gefangenen statt. Au\u00dferdem wirkt sich die Haltung der Beschuldigten w\u00e4hrend des Strafverfahrens auf die Mittelverteilung aus. Zum gegenw\u00e4rtigen Zeitpunkt haben sich zwei von ihnen, Igor Schischkin und Jegor Zorin, f\u00fcr eine Kooperation mit den Strafermittlern entschieden.<\/p>\n<p>Igor Schischkin hat trotz des Umstandes, dass Mitglieder der f\u00fcr die Kontrolle der Haftbedingungen in Strafanstalten zust\u00e4ndigen Kommission an seinem K\u00f6rper Spuren von Verletzungen dokumentiert haben, offiziell keine Angaben zu Folterungen gemacht und au\u00dferdem eine Kooperationsvereinbarung mit den Strafermittlern unterschrieben. Das hei\u00dft im Klartext, der Beschuldigte erkennt sich schuldig und leistet aktive Hilfe bei der Sachverhaltsaufkl\u00e4rung, der \u00dcberf\u00fchrung und Strafverfolgung von Mitt\u00e4tern. Sollte sich der Tatvorwurf anhand der gesammelten Beweismittel best\u00e4tigen, gew\u00e4hrt das Gericht Strafnachlass nach Artikel 317.7, Absatz 5 der russischen Strafprozessordnung. Igor ist der einzige der Beschuldigten, dem die Menschenrechtsbeauftragte Tatjana Moskalkowa einen Besucht abgestattet hat, dennoch hat er sich ihr gegen\u00fcber nicht \u00fcber die Folterungen ge\u00e4u\u00dfert, denen er ausgesetzt war. Sp\u00e4ter positionierte er sich bei einer Gegen\u00fcberstellung mit einem anderen Beschuldigten im Sinne der Anklage. Die von ihm gew\u00e4hlte Verteidigungsstrategie wirkt sich auf die anderen Beschuldigten aus und setzt jene zus\u00e4tzlich unter Druck, die ihren Kampf f\u00fcr Gerechtigkeit fortsetzen.<\/p>\n<p>Jegor Zorin hat bereits im Herbst 2017 ein Schuldeingest\u00e4ndnis vorgelegt, nachdem er gefoltert worden war. Auch er kooperiert mit den Ermittlern. Von ihm gibt es keine offizielle Erkl\u00e4rung zu Folterungen und Druckaus\u00fcbung auf ihn seitens des Inlandsgeheimdienstes FSB.<\/p>\n<p>Im Rahmen der Soli-Kampagne ist eine finanzielle Unterst\u00fctzung von beschuldigten Personen nicht vertretbar, die sich zu Ungunsten der anderen Beschuldigten f\u00fcr eine Kooperation mit den Ermittlern entschieden haben. Dementsprechend erhalten sie keine Mittel aus dem allgemeinen Spendentopf. Wer gezielt Schischkin finanziell unterst\u00fctzen m\u00f6chte, kann sich an seine Angeh\u00f6rigen wenden.<\/p>\n<p>Alle Beschuldigten, also auch Schischkin und Zorin, waren Folter, Manipulationen und Druck durch die staatlichen Gewaltorgane ausgesetzt. Wir sind bereit Schischkin und Zorin unsere Hilfe anzubieten, sobald sie ihre individuelle Verteidigungsstrategie gegen eine kollektive einwechseln.<\/p>\n<h4 style=\"text-align: center;\">Zahlungsverbindungen f\u00fcr Spenden<\/h4>\n<hr>\n<p><strong>PayPal<\/strong><\/p>\n<p>abc-msk@riseup.net<\/p>\n<p><span style=\"text-decoration: underline;\"><span id=\"result_box\" class=\"short_text\" lang=\"en\" tabindex=\"-1\">Please send to the euro and make mark &#8220;For network case&#8221;<\/span><\/span><\/p>\n<hr>\n<p>Updated 26.01.24<\/p>\n<form action=\"https:\/\/www.paypal.com\/cgi-bin\/webscr\" method=\"post\"><!-- Identify your business so that you can collect the payments. --> <input name=\"business\" type=\"hidden\" value=\"abc-msk@riseup.net\"> <!-- Specify a Donate button. --> <input name=\"cmd\" type=\"hidden\" value=\"_donations\"> <!-- Specify details about the contribution --> <input name=\"item_name\" type=\"hidden\" value=\"abc-msk\"> <input name=\"item_number\" type=\"hidden\" value=\"Rupression\"> <input name=\"currency_code\" type=\"hidden\" value=\"USD\"> <!-- Display the payment button. --> <img loading=\"lazy\" decoding=\"async\" style=\"display: none !important;\" hidden=\"\" src=\"https:\/\/www.paypalobjects.com\/en_US\/i\/scr\/pixel.gif\" alt=\"\" width=\"1\" height=\"1\"><\/p>\n<p><b>BTC<\/b> bc1qrexg5p3vx52dr0nm3zzt3h44eedmcmcfhv8pmj<br \/>\n<b>ETH<\/b> 0xBD79A69F41F8460903BaDEF9ee32C1f40e540e93<br \/>\n<b>USDT<\/b> (ERC20) 0xBD79A69F41F8460903BaDEF9ee32C1f40e540e93<br \/>\n<b>MONERO (XMR)<\/b> 84joDpAFFCuQF9uq86vDMHQRUTADU697XXJpXaFDtJ7yDQgXodxUEANLo2yHr3x2qr1swRU1tkuDgXeahAbDoAELP1Es6oZ<\/p>\n<hr <=\"\" form=\"\">\n<\/form>\n","protected":false},"excerpt":{"rendered":"<p>Im Februar 2018 startete eine gro\u00dfangelegte Soli-Kampagne f\u00fcr die im Rahmen der Strafermittlungen gegen das sogenannte &#8220;Netzwerk&#8221; verhafteten Antifaschisten und Anarchisten. Zu den Hauptaufgaben der Kampagne geh\u00f6rt das Sammeln von Geld zur Deckung der Kosten f\u00fcr Anw\u00e4lt*innen, der Grundbed\u00fcrfnisse der Gefangenen und zur Unterst\u00fctzung der Angeh\u00f6rigen. Die Aufteilung der Mittel findet unter Ber\u00fccksichtigung der finanziellen<\/p>\n","protected":false},"author":2,"featured_media":0,"parent":0,"menu_order":0,"comment_status":"closed","ping_status":"closed","template":"","meta":{"_acf_changed":false,"footnotes":""},"class_list":["post-1910","page","type-page","status-publish","hentry"],"acf":[],"aioseo_notices":[],"_links":{"self":[{"href":"https:\/\/rupression.com\/de\/wp-json\/wp\/v2\/pages\/1910","targetHints":{"allow":["GET"]}}],"collection":[{"href":"https:\/\/rupression.com\/de\/wp-json\/wp\/v2\/pages"}],"about":[{"href":"https:\/\/rupression.com\/de\/wp-json\/wp\/v2\/types\/page"}],"author":[{"embeddable":true,"href":"https:\/\/rupression.com\/de\/wp-json\/wp\/v2\/users\/2"}],"replies":[{"embeddable":true,"href":"https:\/\/rupression.com\/de\/wp-json\/wp\/v2\/comments?post=1910"}],"version-history":[{"count":8,"href":"https:\/\/rupression.com\/de\/wp-json\/wp\/v2\/pages\/1910\/revisions"}],"predecessor-version":[{"id":6009,"href":"https:\/\/rupression.com\/de\/wp-json\/wp\/v2\/pages\/1910\/revisions\/6009"}],"wp:attachment":[{"href":"https:\/\/rupression.com\/de\/wp-json\/wp\/v2\/media?parent=1910"}],"curies":[{"name":"wp","href":"https:\/\/api.w.org\/{rel}","templated":true}]}}